{"id":1825,"date":"2021-11-28T17:17:12","date_gmt":"2021-11-28T16:17:12","guid":{"rendered":"http:\/\/milosierdzie-faustyna.pl\/?page_id=1825"},"modified":"2025-10-24T21:16:43","modified_gmt":"2025-10-24T19:16:43","slug":"liturgiczna-grupa-swieckich","status":"publish","type":"page","link":"http:\/\/milosierdzie-faustyna.pl\/?page_id=1825","title":{"rendered":"LITURGICZNA GRUPA \u015aWIECKICH"},"content":{"rendered":"<p>&nbsp;<\/p>\n<p>Liturgiczna Grupa \u015awieckich powsta\u0142a w celu zgromadzenia w niej os\u00f3b \u015bwieckich, kt\u00f3re chc\u0105 aktywnie uczestniczy\u0107 w Eucharystii poprzez odczytywanie S\u0142owa Bo\u017cego, modlitwy wiernych czy wykonywanie psalm\u00f3w responsoryjnych.<\/p>\n<p>&nbsp;<\/p>\n<p>W naszym Sanktuarium istnieje mo\u017cliwo\u015b\u0107, aby osoby \u015bwieckie spoza S\u0142u\u017cby Liturgicznej aktywnie w\u0142\u0105cza\u0142y si\u0119 w liturgi\u0119 poprzez czytanie S\u0142owa Bo\u017cego lub \u015bpiewanie psalmu responsoryjnego.&nbsp;<\/p>\n<p>Bardzo do tego zach\u0119camy i zapraszamy wszystkich, kt\u00f3rzy chcieliby w ten spos\u00f3b s\u0142u\u017cy\u0107 podczas Eucharystii.<\/p>\n<p>Prosimy, aby przed rozpocz\u0119ciem Mszy \u015bw. zg\u0142osi\u0107 si\u0119 do zakrystii \u2013 aby ustali\u0107, kt\u00f3re czytanie dana osoba przeczyta lub kto za\u015bpiewa psalm. Dzi\u0119ki temu zar\u00f3wno Kap\u0142an celebruj\u0105cy Msz\u0119 \u015bw., jak i Pan Organista b\u0119d\u0105 o tym poinformowani.<\/p>\n<p>Nale\u017cy jednak pami\u0119ta\u0107, \u017ce w sytuacji, gdy we Mszy \u015bw. uczestnicz\u0105 Ministranci, Lektorzy lub Bielanki, to oni maj\u0105 pierwsze\u0144stwo w pe\u0142nieniu tych pos\u0142ug.<\/p>\n<p>Dlatego tak wa\u017cne jest wcze\u015bniejsze zg\u0142oszenie si\u0119 do zakrystii.<\/p>\n<p>Niech wsp\u00f3lne zaanga\u017cowanie w liturgi\u0119 b\u0119dzie wyrazem naszej wiary, wdzi\u0119czno\u015bci i mi\u0142o\u015bci do S\u0142owa Bo\u017cego.<\/p>\n","protected":false},"excerpt":{"rendered":"<p>&nbsp; Liturgiczna Grupa \u015awieckich powsta\u0142a w celu zgromadzenia w niej os\u00f3b \u015bwieckich, kt\u00f3re chc\u0105 aktywnie uczestniczy\u0107 w Eucharystii poprzez odczytywanie S\u0142owa Bo\u017cego, modlitwy wiernych czy wykonywanie psalm\u00f3w responsoryjnych. &nbsp; W naszym Sanktuarium istnieje mo\u017cliwo\u015b\u0107, aby osoby \u015bwieckie spoza S\u0142u\u017cby Liturgicznej aktywnie w\u0142\u0105cza\u0142y si\u0119 w liturgi\u0119 poprzez czytanie S\u0142owa Bo\u017cego lub \u015bpiewanie psalmu responsoryjnego.&nbsp; Bardzo do [&hellip;]<\/p>\n","protected":false},"author":1,"featured_media":0,"parent":0,"menu_order":0,"comment_status":"closed","ping_status":"closed","template":"","meta":{"_crdt_document":"","ngg_post_thumbnail":0,"footnotes":""},"class_list":["post-1825","page","type-page","status-publish","hentry"],"yoast_head":"<!-- This site is optimized with the Yoast SEO plugin v27.4 - https:\/\/yoast.com\/product\/yoast-seo-wordpress\/ -->\n<title>LITURGICZNA GRUPA \u015aWIECKICH | SANKTUARIUM \u015aW. FAUSTYNY<\/title>\n<meta name=\"robots\" content=\"index, follow, max-snippet:-1, max-image-preview:large, max-video-preview:-1\" \/>\n<link rel=\"canonical\" href=\"http:\/\/milosierdzie-faustyna.pl\/?page_id=1825\" \/>\n<meta property=\"og:locale\" content=\"pl_PL\" \/>\n<meta property=\"og:type\" content=\"article\" \/>\n<meta property=\"og:title\" content=\"LITURGICZNA GRUPA \u015aWIECKICH | SANKTUARIUM \u015aW. FAUSTYNY\" \/>\n<meta property=\"og:description\" content=\"&nbsp; Liturgiczna Grupa \u015awieckich powsta\u0142a w celu zgromadzenia w niej os\u00f3b \u015bwieckich, kt\u00f3re chc\u0105 aktywnie uczestniczy\u0107 w Eucharystii poprzez odczytywanie S\u0142owa Bo\u017cego, modlitwy wiernych czy wykonywanie psalm\u00f3w responsoryjnych. &nbsp; W naszym Sanktuarium istnieje mo\u017cliwo\u015b\u0107, aby osoby \u015bwieckie spoza S\u0142u\u017cby Liturgicznej aktywnie w\u0142\u0105cza\u0142y si\u0119 w liturgi\u0119 poprzez czytanie S\u0142owa Bo\u017cego lub \u015bpiewanie psalmu responsoryjnego.&nbsp; Bardzo do [&hellip;]\" \/>\n<meta property=\"og:url\" content=\"http:\/\/milosierdzie-faustyna.pl\/?page_id=1825\" \/>\n<meta property=\"og:site_name\" content=\"SANKTUARIUM \u015aW. FAUSTYNY\" \/>\n<meta property=\"article:publisher\" content=\"https:\/\/www.facebook.com\/SanktuariumSwFaustyny\" \/>\n<meta property=\"article:modified_time\" content=\"2025-10-24T19:16:43+00:00\" \/>\n<meta name=\"twitter:card\" content=\"summary_large_image\" \/>\n<meta name=\"twitter:label1\" content=\"Szacowany czas czytania\" \/>\n\t<meta name=\"twitter:data1\" content=\"1 minuta\" \/>\n<script type=\"application\/ld+json\" class=\"yoast-schema-graph\">{\"@context\":\"https:\\\/\\\/schema.org\",\"@graph\":[{\"@type\":\"WebPage\",\"@id\":\"http:\\\/\\\/milosierdzie-faustyna.pl\\\/?page_id=1825\",\"url\":\"http:\\\/\\\/milosierdzie-faustyna.pl\\\/?page_id=1825\",\"name\":\"LITURGICZNA GRUPA \u015aWIECKICH | SANKTUARIUM \u015aW. FAUSTYNY\",\"isPartOf\":{\"@id\":\"http:\\\/\\\/milosierdzie-faustyna.pl\\\/#website\"},\"datePublished\":\"2021-11-28T16:17:12+00:00\",\"dateModified\":\"2025-10-24T19:16:43+00:00\",\"breadcrumb\":{\"@id\":\"http:\\\/\\\/milosierdzie-faustyna.pl\\\/?page_id=1825#breadcrumb\"},\"inLanguage\":\"pl-PL\",\"potentialAction\":[{\"@type\":\"ReadAction\",\"target\":[\"http:\\\/\\\/milosierdzie-faustyna.pl\\\/?page_id=1825\"]}]},{\"@type\":\"BreadcrumbList\",\"@id\":\"http:\\\/\\\/milosierdzie-faustyna.pl\\\/?page_id=1825#breadcrumb\",\"itemListElement\":[{\"@type\":\"ListItem\",\"position\":1,\"name\":\"Strona g\u0142\u00f3wna\",\"item\":\"http:\\\/\\\/milosierdzie-faustyna.pl\\\/\"},{\"@type\":\"ListItem\",\"position\":2,\"name\":\"LITURGICZNA GRUPA \u015aWIECKICH\"}]},{\"@type\":\"WebSite\",\"@id\":\"http:\\\/\\\/milosierdzie-faustyna.pl\\\/#website\",\"url\":\"http:\\\/\\\/milosierdzie-faustyna.pl\\\/\",\"name\":\"SANKTUARIUM \u015aW. FAUSTYNY\",\"description\":\"Parafia Mi\u0142osierdzia Bo\u017cego i \u015bw. Faustyny w Warszawie\",\"publisher\":{\"@id\":\"http:\\\/\\\/milosierdzie-faustyna.pl\\\/#organization\"},\"alternateName\":\"Parafia Mi\u0142osierdzia i \u015bw. Faustyny\",\"potentialAction\":[{\"@type\":\"SearchAction\",\"target\":{\"@type\":\"EntryPoint\",\"urlTemplate\":\"http:\\\/\\\/milosierdzie-faustyna.pl\\\/?s={search_term_string}\"},\"query-input\":{\"@type\":\"PropertyValueSpecification\",\"valueRequired\":true,\"valueName\":\"search_term_string\"}}],\"inLanguage\":\"pl-PL\"},{\"@type\":\"Organization\",\"@id\":\"http:\\\/\\\/milosierdzie-faustyna.pl\\\/#organization\",\"name\":\"SANKTUARIUM \u015aW. FAUSTYNY\",\"alternateName\":\"Parafia Mi\u0142osierdzia Bo\u017cego i \u015bw. Faustyny\",\"url\":\"http:\\\/\\\/milosierdzie-faustyna.pl\\\/\",\"logo\":{\"@type\":\"ImageObject\",\"inLanguage\":\"pl-PL\",\"@id\":\"http:\\\/\\\/milosierdzie-faustyna.pl\\\/#\\\/schema\\\/logo\\\/image\\\/\",\"url\":\"http:\\\/\\\/milosierdzie-faustyna.pl\\\/wp-content\\\/uploads\\\/2024\\\/11\\\/DSC4910-scaled.jpg\",\"contentUrl\":\"http:\\\/\\\/milosierdzie-faustyna.pl\\\/wp-content\\\/uploads\\\/2024\\\/11\\\/DSC4910-scaled.jpg\",\"width\":1707,\"height\":2560,\"caption\":\"SANKTUARIUM \u015aW. FAUSTYNY\"},\"image\":{\"@id\":\"http:\\\/\\\/milosierdzie-faustyna.pl\\\/#\\\/schema\\\/logo\\\/image\\\/\"},\"sameAs\":[\"https:\\\/\\\/www.facebook.com\\\/SanktuariumSwFaustyny\",\"https:\\\/\\\/www.instagram.com\\\/sanktuarium_sw.faustyny\\\/\",\"https:\\\/\\\/www.youtube.com\\\/@sanktuariumsw.faustynyprzy4967\"]}]}<\/script>\n<!-- \/ Yoast SEO plugin. -->","yoast_head_json":{"title":"LITURGICZNA GRUPA \u015aWIECKICH | SANKTUARIUM \u015aW. FAUSTYNY","robots":{"index":"index","follow":"follow","max-snippet":"max-snippet:-1","max-image-preview":"max-image-preview:large","max-video-preview":"max-video-preview:-1"},"canonical":"http:\/\/milosierdzie-faustyna.pl\/?page_id=1825","og_locale":"pl_PL","og_type":"article","og_title":"LITURGICZNA GRUPA \u015aWIECKICH | SANKTUARIUM \u015aW. FAUSTYNY","og_description":"&nbsp; Liturgiczna Grupa \u015awieckich powsta\u0142a w celu zgromadzenia w niej os\u00f3b \u015bwieckich, kt\u00f3re chc\u0105 aktywnie uczestniczy\u0107 w Eucharystii poprzez odczytywanie S\u0142owa Bo\u017cego, modlitwy wiernych czy wykonywanie psalm\u00f3w responsoryjnych. &nbsp; W naszym Sanktuarium istnieje mo\u017cliwo\u015b\u0107, aby osoby \u015bwieckie spoza S\u0142u\u017cby Liturgicznej aktywnie w\u0142\u0105cza\u0142y si\u0119 w liturgi\u0119 poprzez czytanie S\u0142owa Bo\u017cego lub \u015bpiewanie psalmu responsoryjnego.&nbsp; Bardzo do [&hellip;]","og_url":"http:\/\/milosierdzie-faustyna.pl\/?page_id=1825","og_site_name":"SANKTUARIUM \u015aW. FAUSTYNY","article_publisher":"https:\/\/www.facebook.com\/SanktuariumSwFaustyny","article_modified_time":"2025-10-24T19:16:43+00:00","twitter_card":"summary_large_image","twitter_misc":{"Szacowany czas czytania":"1 minuta"},"schema":{"@context":"https:\/\/schema.org","@graph":[{"@type":"WebPage","@id":"http:\/\/milosierdzie-faustyna.pl\/?page_id=1825","url":"http:\/\/milosierdzie-faustyna.pl\/?page_id=1825","name":"LITURGICZNA GRUPA \u015aWIECKICH | SANKTUARIUM \u015aW. FAUSTYNY","isPartOf":{"@id":"http:\/\/milosierdzie-faustyna.pl\/#website"},"datePublished":"2021-11-28T16:17:12+00:00","dateModified":"2025-10-24T19:16:43+00:00","breadcrumb":{"@id":"http:\/\/milosierdzie-faustyna.pl\/?page_id=1825#breadcrumb"},"inLanguage":"pl-PL","potentialAction":[{"@type":"ReadAction","target":["http:\/\/milosierdzie-faustyna.pl\/?page_id=1825"]}]},{"@type":"BreadcrumbList","@id":"http:\/\/milosierdzie-faustyna.pl\/?page_id=1825#breadcrumb","itemListElement":[{"@type":"ListItem","position":1,"name":"Strona g\u0142\u00f3wna","item":"http:\/\/milosierdzie-faustyna.pl\/"},{"@type":"ListItem","position":2,"name":"LITURGICZNA GRUPA \u015aWIECKICH"}]},{"@type":"WebSite","@id":"http:\/\/milosierdzie-faustyna.pl\/#website","url":"http:\/\/milosierdzie-faustyna.pl\/","name":"SANKTUARIUM \u015aW. FAUSTYNY","description":"Parafia Mi\u0142osierdzia Bo\u017cego i \u015bw. Faustyny w Warszawie","publisher":{"@id":"http:\/\/milosierdzie-faustyna.pl\/#organization"},"alternateName":"Parafia Mi\u0142osierdzia i \u015bw. Faustyny","potentialAction":[{"@type":"SearchAction","target":{"@type":"EntryPoint","urlTemplate":"http:\/\/milosierdzie-faustyna.pl\/?s={search_term_string}"},"query-input":{"@type":"PropertyValueSpecification","valueRequired":true,"valueName":"search_term_string"}}],"inLanguage":"pl-PL"},{"@type":"Organization","@id":"http:\/\/milosierdzie-faustyna.pl\/#organization","name":"SANKTUARIUM \u015aW. FAUSTYNY","alternateName":"Parafia Mi\u0142osierdzia Bo\u017cego i \u015bw. Faustyny","url":"http:\/\/milosierdzie-faustyna.pl\/","logo":{"@type":"ImageObject","inLanguage":"pl-PL","@id":"http:\/\/milosierdzie-faustyna.pl\/#\/schema\/logo\/image\/","url":"http:\/\/milosierdzie-faustyna.pl\/wp-content\/uploads\/2024\/11\/DSC4910-scaled.jpg","contentUrl":"http:\/\/milosierdzie-faustyna.pl\/wp-content\/uploads\/2024\/11\/DSC4910-scaled.jpg","width":1707,"height":2560,"caption":"SANKTUARIUM \u015aW. FAUSTYNY"},"image":{"@id":"http:\/\/milosierdzie-faustyna.pl\/#\/schema\/logo\/image\/"},"sameAs":["https:\/\/www.facebook.com\/SanktuariumSwFaustyny","https:\/\/www.instagram.com\/sanktuarium_sw.faustyny\/","https:\/\/www.youtube.com\/@sanktuariumsw.faustynyprzy4967"]}]}},"_links":{"self":[{"href":"http:\/\/milosierdzie-faustyna.pl\/index.php?rest_route=\/wp\/v2\/pages\/1825","targetHints":{"allow":["GET"]}}],"collection":[{"href":"http:\/\/milosierdzie-faustyna.pl\/index.php?rest_route=\/wp\/v2\/pages"}],"about":[{"href":"http:\/\/milosierdzie-faustyna.pl\/index.php?rest_route=\/wp\/v2\/types\/page"}],"author":[{"embeddable":true,"href":"http:\/\/milosierdzie-faustyna.pl\/index.php?rest_route=\/wp\/v2\/users\/1"}],"replies":[{"embeddable":true,"href":"http:\/\/milosierdzie-faustyna.pl\/index.php?rest_route=%2Fwp%2Fv2%2Fcomments&post=1825"}],"version-history":[{"count":8,"href":"http:\/\/milosierdzie-faustyna.pl\/index.php?rest_route=\/wp\/v2\/pages\/1825\/revisions"}],"predecessor-version":[{"id":3912,"href":"http:\/\/milosierdzie-faustyna.pl\/index.php?rest_route=\/wp\/v2\/pages\/1825\/revisions\/3912"}],"wp:attachment":[{"href":"http:\/\/milosierdzie-faustyna.pl\/index.php?rest_route=%2Fwp%2Fv2%2Fmedia&parent=1825"}],"curies":[{"name":"wp","href":"https:\/\/api.w.org\/{rel}","templated":true}]}}