{"id":2797,"date":"2023-10-26T22:53:14","date_gmt":"2023-10-26T20:53:14","guid":{"rendered":"http:\/\/milosierdzie-faustyna.pl\/?page_id=2797"},"modified":"2025-10-24T21:32:01","modified_gmt":"2025-10-24T19:32:01","slug":"scholka-dziecieca-sanktuarium-sw-faustyny","status":"publish","type":"page","link":"http:\/\/milosierdzie-faustyna.pl\/?page_id=2797","title":{"rendered":"SCHOLKA PARAFIALNA"},"content":{"rendered":"\n<p class=\"has-text-align-center has-medium-font-size wp-block-paragraph\"><br>\ud83c\udfb6 <strong>Do\u0142\u0105cz do Scholki!<\/strong> \ud83c\udfb6<br>Spotykamy si\u0119 <strong>w ka\u017cd\u0105 Niedziel\u0119 o godz. 10:00<\/strong> w <strong>Salce \u015bw. Brata Alberta<\/strong>, aby wsp\u00f3lnie przygotowa\u0107 pie\u015bni, psalm i czytanie modlitwy wiernych na Msz\u0119 \u015bw. dla rodzin z dzie\u0107mi o godz. 11:00.<br><br>Zapraszamy dzieci i m\u0142odzie\u017c, <br>tych kt\u00f3rzy chc\u0105 \u015bpiewa\u0107, wsp\u00f3lnie chwali\u0107 Pana i prze\u017cywa\u0107 wiar\u0119 w radosny i \u017cywy spos\u00f3b!<br>Wystarczy ch\u0119\u0107 do \u015bpiewu i otwarte serce!<br><br>ale <strong>Pami\u0119taj \u2013 \u015bpiewanie na Mszy \u015bw. to nie tylko od\u015bpiewanie pie\u015bni, <\/strong><br><strong>to tak\u017ce forma modlitwy.<\/strong><br>\u015apiewaj\u0105c, uwielbiamy Boga, \u0142\u0105czymy si\u0119 z Nim i z innymi<br>wsp\u00f3lnie tworzymy co\u015b pi\u0119knego i wa\u017cnego.<br><br>Szczeg\u00f3lnie zapraszamy dzieci, kt\u00f3re <strong>16 maja 2026 roku przyst\u0105pi\u0105 do I Komunii \u015awi\u0119tej<\/strong><br>to \u015bwietna okazja, by przygotowa\u0107 si\u0119 do tego wa\u017cnego wydarzenia r\u00f3wnie\u017c muzycznie.<br><br>Do\u0142\u0105cz do naszej wsp\u00f3lnoty \u2013 tw\u00f3rzmy razem pi\u0119kn\u0105 liturgi\u0119 i dzielmy si\u0119 rado\u015bci\u0105 \u015bpiewu!<\/p>\n\n\n\n<figure class=\"wp-block-gallery has-nested-images columns-default is-cropped wp-block-gallery-1 is-layout-flex wp-block-gallery-is-layout-flex\">\n<figure class=\"wp-block-image size-large is-style-default\"><img loading=\"lazy\" decoding=\"async\" width=\"2560\" height=\"1707\" data-id=\"3356\" src=\"http:\/\/milosierdzie-faustyna.pl\/wp-content\/uploads\/2024\/11\/20230305_100232-edited-scaled.jpg\" alt=\"\" class=\"wp-image-3356\" srcset=\"http:\/\/milosierdzie-faustyna.pl\/wp-content\/uploads\/2024\/11\/20230305_100232-edited-scaled.jpg 2560w, http:\/\/milosierdzie-faustyna.pl\/wp-content\/uploads\/2024\/11\/20230305_100232-edited-300x200.jpg 300w, http:\/\/milosierdzie-faustyna.pl\/wp-content\/uploads\/2024\/11\/20230305_100232-edited-1024x683.jpg 1024w, http:\/\/milosierdzie-faustyna.pl\/wp-content\/uploads\/2024\/11\/20230305_100232-edited-768x512.jpg 768w, http:\/\/milosierdzie-faustyna.pl\/wp-content\/uploads\/2024\/11\/20230305_100232-edited-1536x1024.jpg 1536w, http:\/\/milosierdzie-faustyna.pl\/wp-content\/uploads\/2024\/11\/20230305_100232-edited-2048x1365.jpg 2048w, http:\/\/milosierdzie-faustyna.pl\/wp-content\/uploads\/2024\/11\/20230305_100232-edited-750x500.jpg 750w\" sizes=\"auto, (max-width: 2560px) 100vw, 2560px\" \/><\/figure>\n<\/figure>\n\n\n\n<p class=\"wp-block-paragraph\"><\/p>\n\n\n\n<p class=\"wp-block-paragraph\"><\/p>\n\n\n\n<figure class=\"wp-block-video\"><video height=\"288\" style=\"aspect-ratio: 352 \/ 288;\" width=\"352\" controls poster=\"http:\/\/milosierdzie-faustyna.pl\/wp-content\/uploads\/2025\/04\/man-praying-scaled.jpg\" preload=\"none\" src=\"http:\/\/milosierdzie-faustyna.pl\/wp-content\/uploads\/2025\/04\/good-friday-scene-with-jesus-christ.3gp\"><\/video><figcaption class=\"wp-element-caption\">&#8222;Drzewo Krzy\u017ca&#8221; w wykonaniu naszej Scholki i Bielanek podczas Drogi Krzy\u017cowej prowadzonej przez dzieci i m\u0142odzie\u017c z naszej parafii &#8211; Scholki, Bielanek, S\u0142u\u017cby Liturgicznej i dzieci przygotowuj\u0105cych si\u0119 do przyj\u0119cia Sakramentu Pierwszej Komunii \u015bw.<\/figcaption><\/figure>\n\n\n\n<p class=\"has-medium-font-size wp-block-paragraph\"><\/p>\n\n\n\n<p class=\"wp-block-paragraph\"><\/p>\n","protected":false},"excerpt":{"rendered":"<p>\ud83c\udfb6 Do\u0142\u0105cz do Scholki! \ud83c\udfb6Spotykamy si\u0119 w ka\u017cd\u0105 Niedziel\u0119 o godz. 10:00 w Salce \u015bw. Brata Alberta, aby wsp\u00f3lnie przygotowa\u0107 pie\u015bni, psalm i czytanie modlitwy wiernych na Msz\u0119 \u015bw. dla rodzin z dzie\u0107mi o godz. 11:00. Zapraszamy dzieci i m\u0142odzie\u017c, tych kt\u00f3rzy chc\u0105 \u015bpiewa\u0107, wsp\u00f3lnie chwali\u0107 Pana i prze\u017cywa\u0107 wiar\u0119 w radosny i \u017cywy spos\u00f3b!Wystarczy [&hellip;]<\/p>\n","protected":false},"author":1,"featured_media":0,"parent":94,"menu_order":8,"comment_status":"closed","ping_status":"closed","template":"page_fullwidth.php","meta":{"_crdt_document":"","ngg_post_thumbnail":0,"footnotes":""},"class_list":["post-2797","page","type-page","status-publish","hentry"],"yoast_head":"<!-- This site is optimized with the Yoast SEO plugin v27.4 - https:\/\/yoast.com\/product\/yoast-seo-wordpress\/ -->\n<title>SCHOLKA PARAFIALNA |<\/title>\n<meta name=\"description\" content=\"Spotykamy si\u0119 w ka\u017cd\u0105 Niedziel\u0119 o godz. 10:00 w Salce \u015bw. Brata Alberta i \u0107wiczymy pie\u015bni na Msz\u0119 \u015bw. dla dzieci o godz. 11:00.\" \/>\n<meta name=\"robots\" content=\"index, follow, max-snippet:-1, max-image-preview:large, max-video-preview:-1\" \/>\n<link rel=\"canonical\" href=\"http:\/\/milosierdzie-faustyna.pl\/?page_id=2797\" \/>\n<meta property=\"og:locale\" content=\"pl_PL\" \/>\n<meta property=\"og:type\" content=\"article\" \/>\n<meta property=\"og:title\" content=\"SCHOLKA PARAFIALNA |\" \/>\n<meta property=\"og:description\" content=\"Spotykamy si\u0119 w ka\u017cd\u0105 Niedziel\u0119 o godz. 10:00 w Salce \u015bw. Brata Alberta i \u0107wiczymy pie\u015bni na Msz\u0119 \u015bw. dla dzieci o godz. 11:00.\" \/>\n<meta property=\"og:url\" content=\"http:\/\/milosierdzie-faustyna.pl\/?page_id=2797\" \/>\n<meta property=\"og:site_name\" content=\"SANKTUARIUM \u015aW. FAUSTYNY\" \/>\n<meta property=\"article:publisher\" content=\"https:\/\/www.facebook.com\/SanktuariumSwFaustyny\" \/>\n<meta property=\"article:modified_time\" content=\"2025-10-24T19:32:01+00:00\" \/>\n<meta property=\"og:image\" content=\"http:\/\/milosierdzie-faustyna.pl\/wp-content\/uploads\/2024\/11\/20230305_100232-edited-scaled.jpg\" \/>\n<meta name=\"twitter:card\" content=\"summary_large_image\" \/>\n<meta name=\"twitter:label1\" content=\"Szacowany czas czytania\" \/>\n\t<meta name=\"twitter:data1\" content=\"2 minuty\" \/>\n<script type=\"application\/ld+json\" class=\"yoast-schema-graph\">{\"@context\":\"https:\\\/\\\/schema.org\",\"@graph\":[{\"@type\":\"WebPage\",\"@id\":\"http:\\\/\\\/milosierdzie-faustyna.pl\\\/?page_id=2797\",\"url\":\"http:\\\/\\\/milosierdzie-faustyna.pl\\\/?page_id=2797\",\"name\":\"SCHOLKA PARAFIALNA |\",\"isPartOf\":{\"@id\":\"http:\\\/\\\/milosierdzie-faustyna.pl\\\/#website\"},\"primaryImageOfPage\":{\"@id\":\"http:\\\/\\\/milosierdzie-faustyna.pl\\\/?page_id=2797#primaryimage\"},\"image\":{\"@id\":\"http:\\\/\\\/milosierdzie-faustyna.pl\\\/?page_id=2797#primaryimage\"},\"thumbnailUrl\":\"http:\\\/\\\/milosierdzie-faustyna.pl\\\/wp-content\\\/uploads\\\/2024\\\/11\\\/20230305_100232-edited-scaled.jpg\",\"datePublished\":\"2023-10-26T20:53:14+00:00\",\"dateModified\":\"2025-10-24T19:32:01+00:00\",\"description\":\"Spotykamy si\u0119 w ka\u017cd\u0105 Niedziel\u0119 o godz. 10:00 w Salce \u015bw. Brata Alberta i \u0107wiczymy pie\u015bni na Msz\u0119 \u015bw. dla dzieci o godz. 11:00.\",\"breadcrumb\":{\"@id\":\"http:\\\/\\\/milosierdzie-faustyna.pl\\\/?page_id=2797#breadcrumb\"},\"inLanguage\":\"pl-PL\",\"potentialAction\":[{\"@type\":\"ReadAction\",\"target\":[\"http:\\\/\\\/milosierdzie-faustyna.pl\\\/?page_id=2797\"]}]},{\"@type\":\"ImageObject\",\"inLanguage\":\"pl-PL\",\"@id\":\"http:\\\/\\\/milosierdzie-faustyna.pl\\\/?page_id=2797#primaryimage\",\"url\":\"http:\\\/\\\/milosierdzie-faustyna.pl\\\/wp-content\\\/uploads\\\/2024\\\/11\\\/20230305_100232-edited-scaled.jpg\",\"contentUrl\":\"http:\\\/\\\/milosierdzie-faustyna.pl\\\/wp-content\\\/uploads\\\/2024\\\/11\\\/20230305_100232-edited-scaled.jpg\",\"width\":2560,\"height\":1707},{\"@type\":\"BreadcrumbList\",\"@id\":\"http:\\\/\\\/milosierdzie-faustyna.pl\\\/?page_id=2797#breadcrumb\",\"itemListElement\":[{\"@type\":\"ListItem\",\"position\":1,\"name\":\"Strona g\u0142\u00f3wna\",\"item\":\"http:\\\/\\\/milosierdzie-faustyna.pl\\\/\"},{\"@type\":\"ListItem\",\"position\":2,\"name\":\"GRUPY PARAFIALNE\",\"item\":\"http:\\\/\\\/milosierdzie-faustyna.pl\\\/?page_id=94\"},{\"@type\":\"ListItem\",\"position\":3,\"name\":\"SCHOLKA PARAFIALNA\"}]},{\"@type\":\"WebSite\",\"@id\":\"http:\\\/\\\/milosierdzie-faustyna.pl\\\/#website\",\"url\":\"http:\\\/\\\/milosierdzie-faustyna.pl\\\/\",\"name\":\"SANKTUARIUM \u015aW. FAUSTYNY\",\"description\":\"Parafia Mi\u0142osierdzia Bo\u017cego i \u015bw. Faustyny w Warszawie\",\"publisher\":{\"@id\":\"http:\\\/\\\/milosierdzie-faustyna.pl\\\/#organization\"},\"alternateName\":\"Parafia Mi\u0142osierdzia i \u015bw. Faustyny\",\"potentialAction\":[{\"@type\":\"SearchAction\",\"target\":{\"@type\":\"EntryPoint\",\"urlTemplate\":\"http:\\\/\\\/milosierdzie-faustyna.pl\\\/?s={search_term_string}\"},\"query-input\":{\"@type\":\"PropertyValueSpecification\",\"valueRequired\":true,\"valueName\":\"search_term_string\"}}],\"inLanguage\":\"pl-PL\"},{\"@type\":\"Organization\",\"@id\":\"http:\\\/\\\/milosierdzie-faustyna.pl\\\/#organization\",\"name\":\"SANKTUARIUM \u015aW. FAUSTYNY\",\"alternateName\":\"Parafia Mi\u0142osierdzia Bo\u017cego i \u015bw. Faustyny\",\"url\":\"http:\\\/\\\/milosierdzie-faustyna.pl\\\/\",\"logo\":{\"@type\":\"ImageObject\",\"inLanguage\":\"pl-PL\",\"@id\":\"http:\\\/\\\/milosierdzie-faustyna.pl\\\/#\\\/schema\\\/logo\\\/image\\\/\",\"url\":\"http:\\\/\\\/milosierdzie-faustyna.pl\\\/wp-content\\\/uploads\\\/2024\\\/11\\\/DSC4910-scaled.jpg\",\"contentUrl\":\"http:\\\/\\\/milosierdzie-faustyna.pl\\\/wp-content\\\/uploads\\\/2024\\\/11\\\/DSC4910-scaled.jpg\",\"width\":1707,\"height\":2560,\"caption\":\"SANKTUARIUM \u015aW. FAUSTYNY\"},\"image\":{\"@id\":\"http:\\\/\\\/milosierdzie-faustyna.pl\\\/#\\\/schema\\\/logo\\\/image\\\/\"},\"sameAs\":[\"https:\\\/\\\/www.facebook.com\\\/SanktuariumSwFaustyny\",\"https:\\\/\\\/www.instagram.com\\\/sanktuarium_sw.faustyny\\\/\",\"https:\\\/\\\/www.youtube.com\\\/@sanktuariumsw.faustynyprzy4967\"]}]}<\/script>\n<!-- \/ Yoast SEO plugin. -->","yoast_head_json":{"title":"SCHOLKA PARAFIALNA |","description":"Spotykamy si\u0119 w ka\u017cd\u0105 Niedziel\u0119 o godz. 10:00 w Salce \u015bw. Brata Alberta i \u0107wiczymy pie\u015bni na Msz\u0119 \u015bw. dla dzieci o godz. 11:00.","robots":{"index":"index","follow":"follow","max-snippet":"max-snippet:-1","max-image-preview":"max-image-preview:large","max-video-preview":"max-video-preview:-1"},"canonical":"http:\/\/milosierdzie-faustyna.pl\/?page_id=2797","og_locale":"pl_PL","og_type":"article","og_title":"SCHOLKA PARAFIALNA |","og_description":"Spotykamy si\u0119 w ka\u017cd\u0105 Niedziel\u0119 o godz. 10:00 w Salce \u015bw. Brata Alberta i \u0107wiczymy pie\u015bni na Msz\u0119 \u015bw. dla dzieci o godz. 11:00.","og_url":"http:\/\/milosierdzie-faustyna.pl\/?page_id=2797","og_site_name":"SANKTUARIUM \u015aW. FAUSTYNY","article_publisher":"https:\/\/www.facebook.com\/SanktuariumSwFaustyny","article_modified_time":"2025-10-24T19:32:01+00:00","og_image":[{"url":"http:\/\/milosierdzie-faustyna.pl\/wp-content\/uploads\/2024\/11\/20230305_100232-edited-scaled.jpg","type":"","width":"","height":""}],"twitter_card":"summary_large_image","twitter_misc":{"Szacowany czas czytania":"2 minuty"},"schema":{"@context":"https:\/\/schema.org","@graph":[{"@type":"WebPage","@id":"http:\/\/milosierdzie-faustyna.pl\/?page_id=2797","url":"http:\/\/milosierdzie-faustyna.pl\/?page_id=2797","name":"SCHOLKA PARAFIALNA |","isPartOf":{"@id":"http:\/\/milosierdzie-faustyna.pl\/#website"},"primaryImageOfPage":{"@id":"http:\/\/milosierdzie-faustyna.pl\/?page_id=2797#primaryimage"},"image":{"@id":"http:\/\/milosierdzie-faustyna.pl\/?page_id=2797#primaryimage"},"thumbnailUrl":"http:\/\/milosierdzie-faustyna.pl\/wp-content\/uploads\/2024\/11\/20230305_100232-edited-scaled.jpg","datePublished":"2023-10-26T20:53:14+00:00","dateModified":"2025-10-24T19:32:01+00:00","description":"Spotykamy si\u0119 w ka\u017cd\u0105 Niedziel\u0119 o godz. 10:00 w Salce \u015bw. Brata Alberta i \u0107wiczymy pie\u015bni na Msz\u0119 \u015bw. dla dzieci o godz. 11:00.","breadcrumb":{"@id":"http:\/\/milosierdzie-faustyna.pl\/?page_id=2797#breadcrumb"},"inLanguage":"pl-PL","potentialAction":[{"@type":"ReadAction","target":["http:\/\/milosierdzie-faustyna.pl\/?page_id=2797"]}]},{"@type":"ImageObject","inLanguage":"pl-PL","@id":"http:\/\/milosierdzie-faustyna.pl\/?page_id=2797#primaryimage","url":"http:\/\/milosierdzie-faustyna.pl\/wp-content\/uploads\/2024\/11\/20230305_100232-edited-scaled.jpg","contentUrl":"http:\/\/milosierdzie-faustyna.pl\/wp-content\/uploads\/2024\/11\/20230305_100232-edited-scaled.jpg","width":2560,"height":1707},{"@type":"BreadcrumbList","@id":"http:\/\/milosierdzie-faustyna.pl\/?page_id=2797#breadcrumb","itemListElement":[{"@type":"ListItem","position":1,"name":"Strona g\u0142\u00f3wna","item":"http:\/\/milosierdzie-faustyna.pl\/"},{"@type":"ListItem","position":2,"name":"GRUPY PARAFIALNE","item":"http:\/\/milosierdzie-faustyna.pl\/?page_id=94"},{"@type":"ListItem","position":3,"name":"SCHOLKA PARAFIALNA"}]},{"@type":"WebSite","@id":"http:\/\/milosierdzie-faustyna.pl\/#website","url":"http:\/\/milosierdzie-faustyna.pl\/","name":"SANKTUARIUM \u015aW. FAUSTYNY","description":"Parafia Mi\u0142osierdzia Bo\u017cego i \u015bw. Faustyny w Warszawie","publisher":{"@id":"http:\/\/milosierdzie-faustyna.pl\/#organization"},"alternateName":"Parafia Mi\u0142osierdzia i \u015bw. Faustyny","potentialAction":[{"@type":"SearchAction","target":{"@type":"EntryPoint","urlTemplate":"http:\/\/milosierdzie-faustyna.pl\/?s={search_term_string}"},"query-input":{"@type":"PropertyValueSpecification","valueRequired":true,"valueName":"search_term_string"}}],"inLanguage":"pl-PL"},{"@type":"Organization","@id":"http:\/\/milosierdzie-faustyna.pl\/#organization","name":"SANKTUARIUM \u015aW. FAUSTYNY","alternateName":"Parafia Mi\u0142osierdzia Bo\u017cego i \u015bw. Faustyny","url":"http:\/\/milosierdzie-faustyna.pl\/","logo":{"@type":"ImageObject","inLanguage":"pl-PL","@id":"http:\/\/milosierdzie-faustyna.pl\/#\/schema\/logo\/image\/","url":"http:\/\/milosierdzie-faustyna.pl\/wp-content\/uploads\/2024\/11\/DSC4910-scaled.jpg","contentUrl":"http:\/\/milosierdzie-faustyna.pl\/wp-content\/uploads\/2024\/11\/DSC4910-scaled.jpg","width":1707,"height":2560,"caption":"SANKTUARIUM \u015aW. FAUSTYNY"},"image":{"@id":"http:\/\/milosierdzie-faustyna.pl\/#\/schema\/logo\/image\/"},"sameAs":["https:\/\/www.facebook.com\/SanktuariumSwFaustyny","https:\/\/www.instagram.com\/sanktuarium_sw.faustyny\/","https:\/\/www.youtube.com\/@sanktuariumsw.faustynyprzy4967"]}]}},"_links":{"self":[{"href":"http:\/\/milosierdzie-faustyna.pl\/index.php?rest_route=\/wp\/v2\/pages\/2797","targetHints":{"allow":["GET"]}}],"collection":[{"href":"http:\/\/milosierdzie-faustyna.pl\/index.php?rest_route=\/wp\/v2\/pages"}],"about":[{"href":"http:\/\/milosierdzie-faustyna.pl\/index.php?rest_route=\/wp\/v2\/types\/page"}],"author":[{"embeddable":true,"href":"http:\/\/milosierdzie-faustyna.pl\/index.php?rest_route=\/wp\/v2\/users\/1"}],"replies":[{"embeddable":true,"href":"http:\/\/milosierdzie-faustyna.pl\/index.php?rest_route=%2Fwp%2Fv2%2Fcomments&post=2797"}],"version-history":[{"count":21,"href":"http:\/\/milosierdzie-faustyna.pl\/index.php?rest_route=\/wp\/v2\/pages\/2797\/revisions"}],"predecessor-version":[{"id":3918,"href":"http:\/\/milosierdzie-faustyna.pl\/index.php?rest_route=\/wp\/v2\/pages\/2797\/revisions\/3918"}],"up":[{"embeddable":true,"href":"http:\/\/milosierdzie-faustyna.pl\/index.php?rest_route=\/wp\/v2\/pages\/94"}],"wp:attachment":[{"href":"http:\/\/milosierdzie-faustyna.pl\/index.php?rest_route=%2Fwp%2Fv2%2Fmedia&parent=2797"}],"curies":[{"name":"wp","href":"https:\/\/api.w.org\/{rel}","templated":true}]}}