{"id":50,"date":"2017-10-13T18:02:12","date_gmt":"2017-10-13T16:02:12","guid":{"rendered":"http:\/\/milosierdzie-faustyna.pl\/?page_id=50"},"modified":"2026-04-14T15:20:06","modified_gmt":"2026-04-14T13:20:06","slug":"kontakt","status":"publish","type":"page","link":"http:\/\/milosierdzie-faustyna.pl\/?page_id=50","title":{"rendered":"KONTAKT"},"content":{"rendered":"<p>Sanktuarium \u015bw. Faustyny przy parafii Mi\u0142osierdzia Bo\u017cego i \u015bw. Faustyny<\/p>\n<p>ul. \u017bytnia 1<\/p>\n<p>01-014 Warszawa<\/p>\n<p>e-mail: milosierdzie.faustyna@gmail.com<\/p>\n<p>UWAGA! Nie jest to adres mailowy Zgromadzenia Si\u00f3str Matki Bo\u017cej Mi\u0142osierdzia &#8211; znajdujesz si\u0119 na stronie Sanktuarium \u015bw. Faustyny przy parafii pw. Mi\u0142osierdzia Bo\u017cego&nbsp; i \u015bw. Siostry Faustyny w Warszawie.<\/p>\n<p>&nbsp;<\/p>\n<p>Nr konta: 83 1540 1157 2001 6610 0999 0002<br>Mo\u017cliwo\u015b\u0107 z\u0142o\u017cenia ofiary, darowizny na nasze Sanktuarium -&gt; <a href=\"https:\/\/ofiaraonline.pl\/sanktuarium-sw-faustyny\">darowizna na cele kultu religijnego<\/a><\/p>\n\n\n<iframe src=\"https:\/\/www.google.com\/maps\/embed?pb=!1m18!1m12!1m3!1d2443.162695351232!2d20.981304211700436!3d52.24042845677437!2m3!1f0!2f0!3f0!3m2!1i1024!2i768!4f13.1!3m3!1m2!1s0x471ecdbd4bd8746f%3A0x337cdcb52026d06d!2sSanktuarium%20%C5%9Bw.%20Faustyny!5e0!3m2!1spl!2spl!4v1706392056958!5m2!1spl!2spl\" width=\"400\" height=\"300\" style=\"border:0;\" allowfullscreen=\"\" loading=\"lazy\" referrerpolicy=\"no-referrer-when-downgrade\"><\/iframe>\n","protected":false},"excerpt":{"rendered":"<p>Sanktuarium \u015bw. Faustyny przy parafii Mi\u0142osierdzia Bo\u017cego i \u015bw. Faustyny ul. \u017bytnia 1 01-014 Warszawa e-mail: milosierdzie.faustyna@gmail.com UWAGA! Nie jest to adres mailowy Zgromadzenia Si\u00f3str Matki Bo\u017cej Mi\u0142osierdzia &#8211; znajdujesz si\u0119 na stronie Sanktuarium \u015bw. Faustyny przy parafii pw. Mi\u0142osierdzia Bo\u017cego&nbsp; i \u015bw. Siostry Faustyny w Warszawie. &nbsp; Nr konta: 83 1540 1157 2001 6610 [&hellip;]<\/p>\n","protected":false},"author":1,"featured_media":992,"parent":0,"menu_order":7,"comment_status":"closed","ping_status":"closed","template":"","meta":{"_crdt_document":"","ngg_post_thumbnail":0,"footnotes":""},"class_list":["post-50","page","type-page","status-publish","has-post-thumbnail","hentry"],"yoast_head":"<!-- This site is optimized with the Yoast SEO plugin v27.4 - https:\/\/yoast.com\/product\/yoast-seo-wordpress\/ -->\n<title>KONTAKT | SANKTUARIUM \u015aW. FAUSTYNY<\/title>\n<meta name=\"robots\" content=\"index, follow, max-snippet:-1, max-image-preview:large, max-video-preview:-1\" \/>\n<link rel=\"canonical\" href=\"http:\/\/milosierdzie-faustyna.pl\/?page_id=50\" \/>\n<meta property=\"og:locale\" content=\"pl_PL\" \/>\n<meta property=\"og:type\" content=\"article\" \/>\n<meta property=\"og:title\" content=\"KONTAKT | SANKTUARIUM \u015aW. FAUSTYNY\" \/>\n<meta property=\"og:description\" content=\"Sanktuarium \u015bw. Faustyny przy parafii Mi\u0142osierdzia Bo\u017cego i \u015bw. Faustyny ul. \u017bytnia 1 01-014 Warszawa e-mail: milosierdzie.faustyna@gmail.com UWAGA! Nie jest to adres mailowy Zgromadzenia Si\u00f3str Matki Bo\u017cej Mi\u0142osierdzia &#8211; znajdujesz si\u0119 na stronie Sanktuarium \u015bw. Faustyny przy parafii pw. Mi\u0142osierdzia Bo\u017cego&nbsp; i \u015bw. Siostry Faustyny w Warszawie. &nbsp; Nr konta: 83 1540 1157 2001 6610 [&hellip;]\" \/>\n<meta property=\"og:url\" content=\"http:\/\/milosierdzie-faustyna.pl\/?page_id=50\" \/>\n<meta property=\"og:site_name\" content=\"SANKTUARIUM \u015aW. FAUSTYNY\" \/>\n<meta property=\"article:publisher\" content=\"https:\/\/www.facebook.com\/SanktuariumSwFaustyny\" \/>\n<meta property=\"article:modified_time\" content=\"2026-04-14T13:20:06+00:00\" \/>\n<meta property=\"og:image\" content=\"http:\/\/milosierdzie-faustyna.pl\/wp-content\/uploads\/2017\/10\/AdobeStock_35200836-1024x683.jpeg\" \/>\n\t<meta property=\"og:image:width\" content=\"1024\" \/>\n\t<meta property=\"og:image:height\" content=\"683\" \/>\n\t<meta property=\"og:image:type\" content=\"image\/jpeg\" \/>\n<meta name=\"twitter:card\" content=\"summary_large_image\" \/>\n<meta name=\"twitter:label1\" content=\"Szacowany czas czytania\" \/>\n\t<meta name=\"twitter:data1\" content=\"1 minuta\" \/>\n<script type=\"application\/ld+json\" class=\"yoast-schema-graph\">{\"@context\":\"https:\\\/\\\/schema.org\",\"@graph\":[{\"@type\":\"WebPage\",\"@id\":\"http:\\\/\\\/milosierdzie-faustyna.pl\\\/?page_id=50\",\"url\":\"http:\\\/\\\/milosierdzie-faustyna.pl\\\/?page_id=50\",\"name\":\"KONTAKT | SANKTUARIUM \u015aW. FAUSTYNY\",\"isPartOf\":{\"@id\":\"http:\\\/\\\/milosierdzie-faustyna.pl\\\/#website\"},\"primaryImageOfPage\":{\"@id\":\"http:\\\/\\\/milosierdzie-faustyna.pl\\\/?page_id=50#primaryimage\"},\"image\":{\"@id\":\"http:\\\/\\\/milosierdzie-faustyna.pl\\\/?page_id=50#primaryimage\"},\"thumbnailUrl\":\"http:\\\/\\\/milosierdzie-faustyna.pl\\\/wp-content\\\/uploads\\\/2017\\\/10\\\/AdobeStock_35200836.jpeg\",\"datePublished\":\"2017-10-13T16:02:12+00:00\",\"dateModified\":\"2026-04-14T13:20:06+00:00\",\"breadcrumb\":{\"@id\":\"http:\\\/\\\/milosierdzie-faustyna.pl\\\/?page_id=50#breadcrumb\"},\"inLanguage\":\"pl-PL\",\"potentialAction\":[{\"@type\":\"ReadAction\",\"target\":[\"http:\\\/\\\/milosierdzie-faustyna.pl\\\/?page_id=50\"]}]},{\"@type\":\"ImageObject\",\"inLanguage\":\"pl-PL\",\"@id\":\"http:\\\/\\\/milosierdzie-faustyna.pl\\\/?page_id=50#primaryimage\",\"url\":\"http:\\\/\\\/milosierdzie-faustyna.pl\\\/wp-content\\\/uploads\\\/2017\\\/10\\\/AdobeStock_35200836.jpeg\",\"contentUrl\":\"http:\\\/\\\/milosierdzie-faustyna.pl\\\/wp-content\\\/uploads\\\/2017\\\/10\\\/AdobeStock_35200836.jpeg\",\"width\":5616,\"height\":3744},{\"@type\":\"BreadcrumbList\",\"@id\":\"http:\\\/\\\/milosierdzie-faustyna.pl\\\/?page_id=50#breadcrumb\",\"itemListElement\":[{\"@type\":\"ListItem\",\"position\":1,\"name\":\"Strona g\u0142\u00f3wna\",\"item\":\"http:\\\/\\\/milosierdzie-faustyna.pl\\\/\"},{\"@type\":\"ListItem\",\"position\":2,\"name\":\"KONTAKT\"}]},{\"@type\":\"WebSite\",\"@id\":\"http:\\\/\\\/milosierdzie-faustyna.pl\\\/#website\",\"url\":\"http:\\\/\\\/milosierdzie-faustyna.pl\\\/\",\"name\":\"SANKTUARIUM \u015aW. FAUSTYNY\",\"description\":\"Parafia Mi\u0142osierdzia Bo\u017cego i \u015bw. Faustyny w Warszawie\",\"publisher\":{\"@id\":\"http:\\\/\\\/milosierdzie-faustyna.pl\\\/#organization\"},\"alternateName\":\"Parafia Mi\u0142osierdzia i \u015bw. Faustyny\",\"potentialAction\":[{\"@type\":\"SearchAction\",\"target\":{\"@type\":\"EntryPoint\",\"urlTemplate\":\"http:\\\/\\\/milosierdzie-faustyna.pl\\\/?s={search_term_string}\"},\"query-input\":{\"@type\":\"PropertyValueSpecification\",\"valueRequired\":true,\"valueName\":\"search_term_string\"}}],\"inLanguage\":\"pl-PL\"},{\"@type\":\"Organization\",\"@id\":\"http:\\\/\\\/milosierdzie-faustyna.pl\\\/#organization\",\"name\":\"SANKTUARIUM \u015aW. FAUSTYNY\",\"alternateName\":\"Parafia Mi\u0142osierdzia Bo\u017cego i \u015bw. Faustyny\",\"url\":\"http:\\\/\\\/milosierdzie-faustyna.pl\\\/\",\"logo\":{\"@type\":\"ImageObject\",\"inLanguage\":\"pl-PL\",\"@id\":\"http:\\\/\\\/milosierdzie-faustyna.pl\\\/#\\\/schema\\\/logo\\\/image\\\/\",\"url\":\"http:\\\/\\\/milosierdzie-faustyna.pl\\\/wp-content\\\/uploads\\\/2024\\\/11\\\/DSC4910-scaled.jpg\",\"contentUrl\":\"http:\\\/\\\/milosierdzie-faustyna.pl\\\/wp-content\\\/uploads\\\/2024\\\/11\\\/DSC4910-scaled.jpg\",\"width\":1707,\"height\":2560,\"caption\":\"SANKTUARIUM \u015aW. FAUSTYNY\"},\"image\":{\"@id\":\"http:\\\/\\\/milosierdzie-faustyna.pl\\\/#\\\/schema\\\/logo\\\/image\\\/\"},\"sameAs\":[\"https:\\\/\\\/www.facebook.com\\\/SanktuariumSwFaustyny\",\"https:\\\/\\\/www.instagram.com\\\/sanktuarium_sw.faustyny\\\/\",\"https:\\\/\\\/www.youtube.com\\\/@sanktuariumsw.faustynyprzy4967\"]}]}<\/script>\n<!-- \/ Yoast SEO plugin. -->","yoast_head_json":{"title":"KONTAKT | SANKTUARIUM \u015aW. FAUSTYNY","robots":{"index":"index","follow":"follow","max-snippet":"max-snippet:-1","max-image-preview":"max-image-preview:large","max-video-preview":"max-video-preview:-1"},"canonical":"http:\/\/milosierdzie-faustyna.pl\/?page_id=50","og_locale":"pl_PL","og_type":"article","og_title":"KONTAKT | SANKTUARIUM \u015aW. FAUSTYNY","og_description":"Sanktuarium \u015bw. Faustyny przy parafii Mi\u0142osierdzia Bo\u017cego i \u015bw. Faustyny ul. \u017bytnia 1 01-014 Warszawa e-mail: milosierdzie.faustyna@gmail.com UWAGA! Nie jest to adres mailowy Zgromadzenia Si\u00f3str Matki Bo\u017cej Mi\u0142osierdzia &#8211; znajdujesz si\u0119 na stronie Sanktuarium \u015bw. Faustyny przy parafii pw. Mi\u0142osierdzia Bo\u017cego&nbsp; i \u015bw. Siostry Faustyny w Warszawie. &nbsp; Nr konta: 83 1540 1157 2001 6610 [&hellip;]","og_url":"http:\/\/milosierdzie-faustyna.pl\/?page_id=50","og_site_name":"SANKTUARIUM \u015aW. FAUSTYNY","article_publisher":"https:\/\/www.facebook.com\/SanktuariumSwFaustyny","article_modified_time":"2026-04-14T13:20:06+00:00","og_image":[{"width":1024,"height":683,"url":"http:\/\/milosierdzie-faustyna.pl\/wp-content\/uploads\/2017\/10\/AdobeStock_35200836-1024x683.jpeg","type":"image\/jpeg"}],"twitter_card":"summary_large_image","twitter_misc":{"Szacowany czas czytania":"1 minuta"},"schema":{"@context":"https:\/\/schema.org","@graph":[{"@type":"WebPage","@id":"http:\/\/milosierdzie-faustyna.pl\/?page_id=50","url":"http:\/\/milosierdzie-faustyna.pl\/?page_id=50","name":"KONTAKT | SANKTUARIUM \u015aW. FAUSTYNY","isPartOf":{"@id":"http:\/\/milosierdzie-faustyna.pl\/#website"},"primaryImageOfPage":{"@id":"http:\/\/milosierdzie-faustyna.pl\/?page_id=50#primaryimage"},"image":{"@id":"http:\/\/milosierdzie-faustyna.pl\/?page_id=50#primaryimage"},"thumbnailUrl":"http:\/\/milosierdzie-faustyna.pl\/wp-content\/uploads\/2017\/10\/AdobeStock_35200836.jpeg","datePublished":"2017-10-13T16:02:12+00:00","dateModified":"2026-04-14T13:20:06+00:00","breadcrumb":{"@id":"http:\/\/milosierdzie-faustyna.pl\/?page_id=50#breadcrumb"},"inLanguage":"pl-PL","potentialAction":[{"@type":"ReadAction","target":["http:\/\/milosierdzie-faustyna.pl\/?page_id=50"]}]},{"@type":"ImageObject","inLanguage":"pl-PL","@id":"http:\/\/milosierdzie-faustyna.pl\/?page_id=50#primaryimage","url":"http:\/\/milosierdzie-faustyna.pl\/wp-content\/uploads\/2017\/10\/AdobeStock_35200836.jpeg","contentUrl":"http:\/\/milosierdzie-faustyna.pl\/wp-content\/uploads\/2017\/10\/AdobeStock_35200836.jpeg","width":5616,"height":3744},{"@type":"BreadcrumbList","@id":"http:\/\/milosierdzie-faustyna.pl\/?page_id=50#breadcrumb","itemListElement":[{"@type":"ListItem","position":1,"name":"Strona g\u0142\u00f3wna","item":"http:\/\/milosierdzie-faustyna.pl\/"},{"@type":"ListItem","position":2,"name":"KONTAKT"}]},{"@type":"WebSite","@id":"http:\/\/milosierdzie-faustyna.pl\/#website","url":"http:\/\/milosierdzie-faustyna.pl\/","name":"SANKTUARIUM \u015aW. FAUSTYNY","description":"Parafia Mi\u0142osierdzia Bo\u017cego i \u015bw. Faustyny w Warszawie","publisher":{"@id":"http:\/\/milosierdzie-faustyna.pl\/#organization"},"alternateName":"Parafia Mi\u0142osierdzia i \u015bw. Faustyny","potentialAction":[{"@type":"SearchAction","target":{"@type":"EntryPoint","urlTemplate":"http:\/\/milosierdzie-faustyna.pl\/?s={search_term_string}"},"query-input":{"@type":"PropertyValueSpecification","valueRequired":true,"valueName":"search_term_string"}}],"inLanguage":"pl-PL"},{"@type":"Organization","@id":"http:\/\/milosierdzie-faustyna.pl\/#organization","name":"SANKTUARIUM \u015aW. FAUSTYNY","alternateName":"Parafia Mi\u0142osierdzia Bo\u017cego i \u015bw. Faustyny","url":"http:\/\/milosierdzie-faustyna.pl\/","logo":{"@type":"ImageObject","inLanguage":"pl-PL","@id":"http:\/\/milosierdzie-faustyna.pl\/#\/schema\/logo\/image\/","url":"http:\/\/milosierdzie-faustyna.pl\/wp-content\/uploads\/2024\/11\/DSC4910-scaled.jpg","contentUrl":"http:\/\/milosierdzie-faustyna.pl\/wp-content\/uploads\/2024\/11\/DSC4910-scaled.jpg","width":1707,"height":2560,"caption":"SANKTUARIUM \u015aW. FAUSTYNY"},"image":{"@id":"http:\/\/milosierdzie-faustyna.pl\/#\/schema\/logo\/image\/"},"sameAs":["https:\/\/www.facebook.com\/SanktuariumSwFaustyny","https:\/\/www.instagram.com\/sanktuarium_sw.faustyny\/","https:\/\/www.youtube.com\/@sanktuariumsw.faustynyprzy4967"]}]}},"_links":{"self":[{"href":"http:\/\/milosierdzie-faustyna.pl\/index.php?rest_route=\/wp\/v2\/pages\/50","targetHints":{"allow":["GET"]}}],"collection":[{"href":"http:\/\/milosierdzie-faustyna.pl\/index.php?rest_route=\/wp\/v2\/pages"}],"about":[{"href":"http:\/\/milosierdzie-faustyna.pl\/index.php?rest_route=\/wp\/v2\/types\/page"}],"author":[{"embeddable":true,"href":"http:\/\/milosierdzie-faustyna.pl\/index.php?rest_route=\/wp\/v2\/users\/1"}],"replies":[{"embeddable":true,"href":"http:\/\/milosierdzie-faustyna.pl\/index.php?rest_route=%2Fwp%2Fv2%2Fcomments&post=50"}],"version-history":[{"count":9,"href":"http:\/\/milosierdzie-faustyna.pl\/index.php?rest_route=\/wp\/v2\/pages\/50\/revisions"}],"predecessor-version":[{"id":4135,"href":"http:\/\/milosierdzie-faustyna.pl\/index.php?rest_route=\/wp\/v2\/pages\/50\/revisions\/4135"}],"wp:featuredmedia":[{"embeddable":true,"href":"http:\/\/milosierdzie-faustyna.pl\/index.php?rest_route=\/wp\/v2\/media\/992"}],"wp:attachment":[{"href":"http:\/\/milosierdzie-faustyna.pl\/index.php?rest_route=%2Fwp%2Fv2%2Fmedia&parent=50"}],"curies":[{"name":"wp","href":"https:\/\/api.w.org\/{rel}","templated":true}]}}