{"id":94,"date":"2017-10-14T21:16:49","date_gmt":"2017-10-14T19:16:49","guid":{"rendered":"http:\/\/milosierdzie-faustyna.pl\/?page_id=94"},"modified":"2017-10-15T00:50:31","modified_gmt":"2017-10-14T22:50:31","slug":"grupy-parafialne","status":"publish","type":"page","link":"http:\/\/milosierdzie-faustyna.pl\/?page_id=94","title":{"rendered":"GRUPY PARAFIALNE"},"content":{"rendered":"","protected":false},"excerpt":{"rendered":"","protected":false},"author":1,"featured_media":0,"parent":0,"menu_order":3,"comment_status":"closed","ping_status":"closed","template":"","meta":{"ngg_post_thumbnail":0,"footnotes":""},"class_list":["post-94","page","type-page","status-publish","hentry"],"yoast_head":"<!-- This site is optimized with the Yoast SEO plugin v25.3 - https:\/\/yoast.com\/wordpress\/plugins\/seo\/ -->\n<title>GRUPY PARAFIALNE | SANKTUARIUM \u015aW. FAUSTYNY<\/title>\n<meta name=\"robots\" content=\"index, follow, max-snippet:-1, max-image-preview:large, max-video-preview:-1\" \/>\n<link rel=\"canonical\" href=\"http:\/\/milosierdzie-faustyna.pl\/?page_id=94\" \/>\n<meta property=\"og:locale\" content=\"pl_PL\" \/>\n<meta property=\"og:type\" content=\"article\" \/>\n<meta property=\"og:title\" content=\"GRUPY PARAFIALNE | SANKTUARIUM \u015aW. FAUSTYNY\" \/>\n<meta property=\"og:url\" content=\"http:\/\/milosierdzie-faustyna.pl\/?page_id=94\" \/>\n<meta property=\"og:site_name\" content=\"SANKTUARIUM \u015aW. FAUSTYNY\" \/>\n<meta property=\"article:publisher\" content=\"https:\/\/www.facebook.com\/SanktuariumSwFaustyny\" \/>\n<meta property=\"article:modified_time\" content=\"2017-10-14T22:50:31+00:00\" \/>\n<meta name=\"twitter:card\" content=\"summary_large_image\" \/>\n<script type=\"application\/ld+json\" class=\"yoast-schema-graph\">{\"@context\":\"https:\/\/schema.org\",\"@graph\":[{\"@type\":\"WebPage\",\"@id\":\"http:\/\/milosierdzie-faustyna.pl\/?page_id=94\",\"url\":\"http:\/\/milosierdzie-faustyna.pl\/?page_id=94\",\"name\":\"GRUPY PARAFIALNE | SANKTUARIUM \u015aW. FAUSTYNY\",\"isPartOf\":{\"@id\":\"http:\/\/milosierdzie-faustyna.pl\/#website\"},\"datePublished\":\"2017-10-14T19:16:49+00:00\",\"dateModified\":\"2017-10-14T22:50:31+00:00\",\"breadcrumb\":{\"@id\":\"http:\/\/milosierdzie-faustyna.pl\/?page_id=94#breadcrumb\"},\"inLanguage\":\"pl-PL\",\"potentialAction\":[{\"@type\":\"ReadAction\",\"target\":[\"http:\/\/milosierdzie-faustyna.pl\/?page_id=94\"]}]},{\"@type\":\"BreadcrumbList\",\"@id\":\"http:\/\/milosierdzie-faustyna.pl\/?page_id=94#breadcrumb\",\"itemListElement\":[{\"@type\":\"ListItem\",\"position\":1,\"name\":\"Strona g\u0142\u00f3wna\",\"item\":\"http:\/\/milosierdzie-faustyna.pl\/\"},{\"@type\":\"ListItem\",\"position\":2,\"name\":\"GRUPY PARAFIALNE\"}]},{\"@type\":\"WebSite\",\"@id\":\"http:\/\/milosierdzie-faustyna.pl\/#website\",\"url\":\"http:\/\/milosierdzie-faustyna.pl\/\",\"name\":\"SANKTUARIUM \u015aW. FAUSTYNY\",\"description\":\"Parafia Mi\u0142osierdzia Bo\u017cego i \u015bw. Faustyny w Warszawie\",\"publisher\":{\"@id\":\"http:\/\/milosierdzie-faustyna.pl\/#organization\"},\"alternateName\":\"Parafia Mi\u0142osierdzia i \u015bw. Faustyny\",\"potentialAction\":[{\"@type\":\"SearchAction\",\"target\":{\"@type\":\"EntryPoint\",\"urlTemplate\":\"http:\/\/milosierdzie-faustyna.pl\/?s={search_term_string}\"},\"query-input\":{\"@type\":\"PropertyValueSpecification\",\"valueRequired\":true,\"valueName\":\"search_term_string\"}}],\"inLanguage\":\"pl-PL\"},{\"@type\":\"Organization\",\"@id\":\"http:\/\/milosierdzie-faustyna.pl\/#organization\",\"name\":\"SANKTUARIUM \u015aW. FAUSTYNY\",\"alternateName\":\"Parafia Mi\u0142osierdzia Bo\u017cego i \u015bw. Faustyny\",\"url\":\"http:\/\/milosierdzie-faustyna.pl\/\",\"logo\":{\"@type\":\"ImageObject\",\"inLanguage\":\"pl-PL\",\"@id\":\"http:\/\/milosierdzie-faustyna.pl\/#\/schema\/logo\/image\/\",\"url\":\"http:\/\/milosierdzie-faustyna.pl\/wp-content\/uploads\/2024\/11\/DSC4910-scaled.jpg\",\"contentUrl\":\"http:\/\/milosierdzie-faustyna.pl\/wp-content\/uploads\/2024\/11\/DSC4910-scaled.jpg\",\"width\":1707,\"height\":2560,\"caption\":\"SANKTUARIUM \u015aW. FAUSTYNY\"},\"image\":{\"@id\":\"http:\/\/milosierdzie-faustyna.pl\/#\/schema\/logo\/image\/\"},\"sameAs\":[\"https:\/\/www.facebook.com\/SanktuariumSwFaustyny\",\"https:\/\/www.instagram.com\/sanktuarium_sw.faustyny\/\",\"https:\/\/www.youtube.com\/@sanktuariumsw.faustynyprzy4967\"]}]}<\/script>\n<!-- \/ Yoast SEO plugin. -->","yoast_head_json":{"title":"GRUPY PARAFIALNE | SANKTUARIUM \u015aW. FAUSTYNY","robots":{"index":"index","follow":"follow","max-snippet":"max-snippet:-1","max-image-preview":"max-image-preview:large","max-video-preview":"max-video-preview:-1"},"canonical":"http:\/\/milosierdzie-faustyna.pl\/?page_id=94","og_locale":"pl_PL","og_type":"article","og_title":"GRUPY PARAFIALNE | SANKTUARIUM \u015aW. FAUSTYNY","og_url":"http:\/\/milosierdzie-faustyna.pl\/?page_id=94","og_site_name":"SANKTUARIUM \u015aW. FAUSTYNY","article_publisher":"https:\/\/www.facebook.com\/SanktuariumSwFaustyny","article_modified_time":"2017-10-14T22:50:31+00:00","twitter_card":"summary_large_image","schema":{"@context":"https:\/\/schema.org","@graph":[{"@type":"WebPage","@id":"http:\/\/milosierdzie-faustyna.pl\/?page_id=94","url":"http:\/\/milosierdzie-faustyna.pl\/?page_id=94","name":"GRUPY PARAFIALNE | SANKTUARIUM \u015aW. FAUSTYNY","isPartOf":{"@id":"http:\/\/milosierdzie-faustyna.pl\/#website"},"datePublished":"2017-10-14T19:16:49+00:00","dateModified":"2017-10-14T22:50:31+00:00","breadcrumb":{"@id":"http:\/\/milosierdzie-faustyna.pl\/?page_id=94#breadcrumb"},"inLanguage":"pl-PL","potentialAction":[{"@type":"ReadAction","target":["http:\/\/milosierdzie-faustyna.pl\/?page_id=94"]}]},{"@type":"BreadcrumbList","@id":"http:\/\/milosierdzie-faustyna.pl\/?page_id=94#breadcrumb","itemListElement":[{"@type":"ListItem","position":1,"name":"Strona g\u0142\u00f3wna","item":"http:\/\/milosierdzie-faustyna.pl\/"},{"@type":"ListItem","position":2,"name":"GRUPY PARAFIALNE"}]},{"@type":"WebSite","@id":"http:\/\/milosierdzie-faustyna.pl\/#website","url":"http:\/\/milosierdzie-faustyna.pl\/","name":"SANKTUARIUM \u015aW. FAUSTYNY","description":"Parafia Mi\u0142osierdzia Bo\u017cego i \u015bw. Faustyny w Warszawie","publisher":{"@id":"http:\/\/milosierdzie-faustyna.pl\/#organization"},"alternateName":"Parafia Mi\u0142osierdzia i \u015bw. Faustyny","potentialAction":[{"@type":"SearchAction","target":{"@type":"EntryPoint","urlTemplate":"http:\/\/milosierdzie-faustyna.pl\/?s={search_term_string}"},"query-input":{"@type":"PropertyValueSpecification","valueRequired":true,"valueName":"search_term_string"}}],"inLanguage":"pl-PL"},{"@type":"Organization","@id":"http:\/\/milosierdzie-faustyna.pl\/#organization","name":"SANKTUARIUM \u015aW. FAUSTYNY","alternateName":"Parafia Mi\u0142osierdzia Bo\u017cego i \u015bw. Faustyny","url":"http:\/\/milosierdzie-faustyna.pl\/","logo":{"@type":"ImageObject","inLanguage":"pl-PL","@id":"http:\/\/milosierdzie-faustyna.pl\/#\/schema\/logo\/image\/","url":"http:\/\/milosierdzie-faustyna.pl\/wp-content\/uploads\/2024\/11\/DSC4910-scaled.jpg","contentUrl":"http:\/\/milosierdzie-faustyna.pl\/wp-content\/uploads\/2024\/11\/DSC4910-scaled.jpg","width":1707,"height":2560,"caption":"SANKTUARIUM \u015aW. FAUSTYNY"},"image":{"@id":"http:\/\/milosierdzie-faustyna.pl\/#\/schema\/logo\/image\/"},"sameAs":["https:\/\/www.facebook.com\/SanktuariumSwFaustyny","https:\/\/www.instagram.com\/sanktuarium_sw.faustyny\/","https:\/\/www.youtube.com\/@sanktuariumsw.faustynyprzy4967"]}]}},"_links":{"self":[{"href":"http:\/\/milosierdzie-faustyna.pl\/index.php?rest_route=\/wp\/v2\/pages\/94","targetHints":{"allow":["GET"]}}],"collection":[{"href":"http:\/\/milosierdzie-faustyna.pl\/index.php?rest_route=\/wp\/v2\/pages"}],"about":[{"href":"http:\/\/milosierdzie-faustyna.pl\/index.php?rest_route=\/wp\/v2\/types\/page"}],"author":[{"embeddable":true,"href":"http:\/\/milosierdzie-faustyna.pl\/index.php?rest_route=\/wp\/v2\/users\/1"}],"replies":[{"embeddable":true,"href":"http:\/\/milosierdzie-faustyna.pl\/index.php?rest_route=%2Fwp%2Fv2%2Fcomments&post=94"}],"version-history":[{"count":1,"href":"http:\/\/milosierdzie-faustyna.pl\/index.php?rest_route=\/wp\/v2\/pages\/94\/revisions"}],"predecessor-version":[{"id":95,"href":"http:\/\/milosierdzie-faustyna.pl\/index.php?rest_route=\/wp\/v2\/pages\/94\/revisions\/95"}],"wp:attachment":[{"href":"http:\/\/milosierdzie-faustyna.pl\/index.php?rest_route=%2Fwp%2Fv2%2Fmedia&parent=94"}],"curies":[{"name":"wp","href":"https:\/\/api.w.org\/{rel}","templated":true}]}}